{"id":6759,"date":"2022-11-02T11:35:44","date_gmt":"2022-11-02T11:35:44","guid":{"rendered":"http:\/\/mg-legaloffice.eu\/?page_id=6759"},"modified":"2022-11-02T11:35:44","modified_gmt":"2022-11-02T11:35:44","slug":"doswiadczenie","status":"publish","type":"page","link":"https:\/\/www.mg-legal.eu\/?page_id=6759","title":{"rendered":"Do\u015bwiadczenie"},"content":{"rendered":"<p>Uko\u0144czy\u0142am studia na kierunku Prawo (specjalizacja Prawo Europejskie) na Uniwersytecie&nbsp; \u0141\u00f3dzkim a nast\u0119pnie aplikacj\u0119 s\u0105dow\u0105 przy S\u0105dzie Okr\u0119gowym w Poznaniu. Odby\u0142am tak\u017ce studia podyplomowe z zakresu Prawa Nowych Technologii w Akademii Leona Ko\u017ami\u0144skiego w Warszawie.<br>Uczestniczy\u0142am w kursach z zakresu nowych technologii i cyberbezpiecze\u0144stwa organizowanych przez&nbsp;<a href=\"https:\/\/fcai.fi\/\" target=\"_blank\" rel=\"noreferrer noopener\">Finnish Center of Artificial Intelligence<\/a><\/p><ul class=\"wp-block-list\"><li>Sztuczna Inteligencja<\/li>\n\n<li>Etyka Sztucznej Inteligencji<\/li>\n\n<li>Budowanie Sztucznej Inteligencji<\/li>\n\n<li>Cyberbezpiecze\u0144stwo<\/li><\/ul><p>prowadzonych przez Uniwersytet Helsi\u0144ski i w kursie Hands-on Scientific Computing prowadzonym przez Uniwersytet w Aalto<br>Udzielam pomocy prawnej polskim i zagranicznym przedsi\u0119biorcom weryfikuj\u0105c i przygotowuj\u0105c umowy i dokumenty oparte na polskim i europejskim systemie prawnym , reprezentuj\u0119 ich w sporach przed polskimi s\u0105dami oraz w europejskich post\u0119powaniach w sprawach transgranicznych.<br><br>Przygotowuj\u0119 analizy przepis\u00f3w prawa polskiego i prawodawstwa organ\u00f3w Unii Europejskiej oraz orzecznictwa Trybuna\u0142u Sprawiedliwo\u015bci Unii Europejskiej i Europejskiego Trybuna\u0142u Praw Cz\u0142owieka zar\u00f3wno dla przedsi\u0119biorc\u00f3w jak i organizacji non-profit i organizacji strzeg\u0105cych praw cz\u0142owieka i obywatela.<br><br>Doradzam w zakresie przepis\u00f3w imigracyjnych i przepis\u00f3w o obywatelstwie. Reprezentuj\u0119 moich klient\u00f3w w post\u0119powaniach o rejestracj\u0119 pobytu obywateli pa\u0144stw cz\u0142onkowskich Unii Europejskiej oraz legalizacj\u0119 pobytu i zatrudnienie os\u00f3b spoza Unii Europejskiej.<\/p>","protected":false},"excerpt":{"rendered":"<p>Uko\u0144czy\u0142am studia na kierunku Prawo (specjalizacja Prawo Europejskie) na Uniwersytecie&nbsp; \u0141\u00f3dzkim a nast\u0119pnie aplikacj\u0119 s\u0105dow\u0105 przy S\u0105dzie Okr\u0119gowym w Poznaniu. Odby\u0142am tak\u017ce studia podyplomowe z zakresu Prawa Nowych Technologii w Akademii Leona Ko\u017ami\u0144skiego w Warszawie.Uczestniczy\u0142am w kursach z zakresu nowych technologii i cyberbezpiecze\u0144stwa organizowanych przez&nbsp;Finnish Center of Artificial Intelligence prowadzonych przez Uniwersytet Helsi\u0144ski i w [&hellip;]<\/p>\n","protected":false},"author":1,"featured_media":0,"parent":0,"menu_order":0,"comment_status":"closed","ping_status":"closed","template":"","meta":{"footnotes":""},"class_list":["post-6759","page","type-page","status-publish","hentry"],"_links":{"self":[{"href":"https:\/\/www.mg-legal.eu\/index.php?rest_route=\/wp\/v2\/pages\/6759","targetHints":{"allow":["GET"]}}],"collection":[{"href":"https:\/\/www.mg-legal.eu\/index.php?rest_route=\/wp\/v2\/pages"}],"about":[{"href":"https:\/\/www.mg-legal.eu\/index.php?rest_route=\/wp\/v2\/types\/page"}],"author":[{"embeddable":true,"href":"https:\/\/www.mg-legal.eu\/index.php?rest_route=\/wp\/v2\/users\/1"}],"replies":[{"embeddable":true,"href":"https:\/\/www.mg-legal.eu\/index.php?rest_route=%2Fwp%2Fv2%2Fcomments&post=6759"}],"version-history":[{"count":0,"href":"https:\/\/www.mg-legal.eu\/index.php?rest_route=\/wp\/v2\/pages\/6759\/revisions"}],"wp:attachment":[{"href":"https:\/\/www.mg-legal.eu\/index.php?rest_route=%2Fwp%2Fv2%2Fmedia&parent=6759"}],"curies":[{"name":"wp","href":"https:\/\/api.w.org\/{rel}","templated":true}]}}