{"id":6761,"date":"2022-11-02T22:06:56","date_gmt":"2022-11-02T22:06:56","guid":{"rendered":"http:\/\/mg-legaloffice.eu\/?page_id=6761"},"modified":"2022-11-02T22:06:56","modified_gmt":"2022-11-02T22:06:56","slug":"doradztwo-biznesowe","status":"publish","type":"page","link":"https:\/\/www.mg-legal.eu\/?page_id=6761","title":{"rendered":"Doradztwo biznesowe"},"content":{"rendered":"<p>Wsp\u00f3\u0142pracuj\u0105c z moimi klientami, jestem r\u00f3wnie\u017c ich doradc\u0105 biznesowym, identyfikuj\u0119 ryzyka zwi\u0105zane z prowadzon\u0105 przez nich dzia\u0142alno\u015bci\u0105, przygotowuj\u0119 nowe strategie rozwoju oraz opiniuj\u0119 nowe modele biznesowe.<\/p>","protected":false},"excerpt":{"rendered":"<p>Wsp\u00f3\u0142pracuj\u0105c z moimi klientami, jestem r\u00f3wnie\u017c ich doradc\u0105 biznesowym, identyfikuj\u0119 ryzyka zwi\u0105zane z prowadzon\u0105 przez nich dzia\u0142alno\u015bci\u0105, przygotowuj\u0119 nowe strategie rozwoju oraz opiniuj\u0119 nowe modele biznesowe.<\/p>\n","protected":false},"author":1,"featured_media":0,"parent":0,"menu_order":0,"comment_status":"closed","ping_status":"closed","template":"","meta":{"footnotes":""},"class_list":["post-6761","page","type-page","status-publish","hentry"],"_links":{"self":[{"href":"https:\/\/www.mg-legal.eu\/index.php?rest_route=\/wp\/v2\/pages\/6761","targetHints":{"allow":["GET"]}}],"collection":[{"href":"https:\/\/www.mg-legal.eu\/index.php?rest_route=\/wp\/v2\/pages"}],"about":[{"href":"https:\/\/www.mg-legal.eu\/index.php?rest_route=\/wp\/v2\/types\/page"}],"author":[{"embeddable":true,"href":"https:\/\/www.mg-legal.eu\/index.php?rest_route=\/wp\/v2\/users\/1"}],"replies":[{"embeddable":true,"href":"https:\/\/www.mg-legal.eu\/index.php?rest_route=%2Fwp%2Fv2%2Fcomments&post=6761"}],"version-history":[{"count":0,"href":"https:\/\/www.mg-legal.eu\/index.php?rest_route=\/wp\/v2\/pages\/6761\/revisions"}],"wp:attachment":[{"href":"https:\/\/www.mg-legal.eu\/index.php?rest_route=%2Fwp%2Fv2%2Fmedia&parent=6761"}],"curies":[{"name":"wp","href":"https:\/\/api.w.org\/{rel}","templated":true}]}}