{"id":6799,"date":"2022-11-02T22:05:43","date_gmt":"2022-11-02T22:05:43","guid":{"rendered":"http:\/\/mg-legaloffice.eu\/?page_id=6799"},"modified":"2022-11-02T22:05:43","modified_gmt":"2022-11-02T22:05:43","slug":"o-mnie","status":"publish","type":"page","link":"https:\/\/www.mg-legal.eu\/?page_id=6799","title":{"rendered":"O mnie"},"content":{"rendered":"<figure class=\"wp-block-table\"><table><tbody><tr><td><\/td><td>Jestem do\u015bwiadczonym prawnikiem, kt\u00f3ry rozumie potrzeby klient\u00f3w biznesowych i organizacji non-profit. Znajduj\u0119 rozwi\u0105zania potrzebne obu kategoriom klient\u00f3w i dziel\u0119 si\u0119 do\u015bwiadczeniami mi\u0119dzy nimi. \u015awiadcz\u0119 pomoc prawn\u0105 przedsi\u0119biorcom oraz organizacjom broni\u0105cym praw obywatelskich i praw cz\u0142owieka, a tak\u017ce organizacjom nios\u0105cym pomoc w sytuacjach kryzysowych, zar\u00f3wno w Polsce, jak i na \u015bwiecie.<br>Analizuj\u0119 prawo krajowe i mi\u0119dzynarodowe, a swoj\u0105 wiedz\u0105 dziel\u0119 si\u0119 poprzez publikacje w czasopismach prawniczych i w portalu internetowym organizacji pozarz\u0105dowych.<br>W oparciu o swoj\u0105 wiedz\u0119 i do\u015bwiadczenie, publikuj\u0119 artyku\u0142y i poradniki w serwisach&nbsp;<a href=\"https:\/\/www.rp.pl\/\" target=\"_blank\" rel=\"noreferrer noopener\">Rzeczpospolita<\/a>,&nbsp;<a href=\"https:\/\/www.ngo.pl\/\" target=\"_blank\" rel=\"noreferrer noopener\">ngo.pl<\/a>,&nbsp;<a href=\"https:\/\/klimatdlarolnictwa.pl\/publikacje-i-poradniki\" target=\"_blank\" rel=\"noreferrer noopener\">Klimat dla rolnictwa<\/a>.<br>Wsp\u00f3\u0142pracuj\u0119 z Centrum Pro Bono (Clearinghouse) &#8211; programem realizowanym przez Fundacj\u0119 Uniwersyteckich Poradni Prawnych), udzielaj\u0105c porad prawnych polskim i zagranicznym organizacjom pozarz\u0105dowym we wszystkich zg\u0142aszanych przez nie problemach zwi\u0105zanych z realizowanymi przez nie zadaniami. Z racji tej wsp\u00f3\u0142pracy, dwukrotnie, w 2016 r. i 2017 r., zosta\u0142am nominowana do tytu\u0142u &#8220;Prawnik Pro Bono&#8221;.<\/td><\/tr><\/tbody><\/table><figcaption class=\"wp-element-caption\">Maria Grochowska<\/figcaption><\/figure>","protected":false},"excerpt":{"rendered":"<p>Jestem do\u015bwiadczonym prawnikiem, kt\u00f3ry rozumie potrzeby klient\u00f3w biznesowych i organizacji non-profit. Znajduj\u0119 rozwi\u0105zania potrzebne obu kategoriom klient\u00f3w i dziel\u0119 si\u0119 do\u015bwiadczeniami mi\u0119dzy nimi. \u015awiadcz\u0119 pomoc prawn\u0105 przedsi\u0119biorcom oraz organizacjom broni\u0105cym praw obywatelskich i praw cz\u0142owieka, a tak\u017ce organizacjom nios\u0105cym pomoc w sytuacjach kryzysowych, zar\u00f3wno w Polsce, jak i na \u015bwiecie.Analizuj\u0119 prawo krajowe i mi\u0119dzynarodowe, a [&hellip;]<\/p>\n","protected":false},"author":1,"featured_media":0,"parent":0,"menu_order":0,"comment_status":"closed","ping_status":"closed","template":"","meta":{"footnotes":""},"class_list":["post-6799","page","type-page","status-publish","hentry"],"_links":{"self":[{"href":"https:\/\/www.mg-legal.eu\/index.php?rest_route=\/wp\/v2\/pages\/6799","targetHints":{"allow":["GET"]}}],"collection":[{"href":"https:\/\/www.mg-legal.eu\/index.php?rest_route=\/wp\/v2\/pages"}],"about":[{"href":"https:\/\/www.mg-legal.eu\/index.php?rest_route=\/wp\/v2\/types\/page"}],"author":[{"embeddable":true,"href":"https:\/\/www.mg-legal.eu\/index.php?rest_route=\/wp\/v2\/users\/1"}],"replies":[{"embeddable":true,"href":"https:\/\/www.mg-legal.eu\/index.php?rest_route=%2Fwp%2Fv2%2Fcomments&post=6799"}],"version-history":[{"count":0,"href":"https:\/\/www.mg-legal.eu\/index.php?rest_route=\/wp\/v2\/pages\/6799\/revisions"}],"wp:attachment":[{"href":"https:\/\/www.mg-legal.eu\/index.php?rest_route=%2Fwp%2Fv2%2Fmedia&parent=6799"}],"curies":[{"name":"wp","href":"https:\/\/api.w.org\/{rel}","templated":true}]}}