{"id":6803,"date":"2022-11-02T22:08:22","date_gmt":"2022-11-02T22:08:22","guid":{"rendered":"http:\/\/mg-legaloffice.eu\/?page_id=6803"},"modified":"2022-11-02T22:08:22","modified_gmt":"2022-11-02T22:08:22","slug":"uslugi","status":"publish","type":"page","link":"https:\/\/www.mg-legal.eu\/?page_id=6803","title":{"rendered":"Us\u0142ugi"},"content":{"rendered":"\t\t<div data-elementor-type=\"wp-page\" data-elementor-id=\"6803\" class=\"elementor elementor-6803\">\n\t\t\t\t<section class=\"elementor-section elementor-top-section elementor-element elementor-element-76f02ce5 elementor-section-boxed elementor-section-height-default elementor-section-height-default ct-header-fixed-none ct-column-none ct-row-scroll-none\" data-id=\"76f02ce5\" data-element_type=\"section\">\n            \n                        <div class=\"elementor-container elementor-column-gap-default \">\n                    <div class=\"elementor-column elementor-col-100 elementor-top-column elementor-element elementor-element-61ced6dd ct-column-none col-offset-none\" data-id=\"61ced6dd\" data-element_type=\"column\">\n        <div class=\"elementor-widget-wrap elementor-element-populated\">\n                    \n        \t\t<div class=\"elementor-element elementor-element-3211f1cc elementor-widget elementor-widget-text-editor\" data-id=\"3211f1cc\" data-element_type=\"widget\" data-widget_type=\"text-editor.default\">\n\t\t\t\t<div class=\"elementor-widget-container\"><p><br>Wsp\u00f3\u0142pracuj\u0105c z moimi klientami, jestem r\u00f3wnie\u017c ich doradc\u0105 biznesowym, identyfikuj\u0119 ryzyka zwi\u0105zane z prowadzon\u0105 przez nich dzia\u0142alno\u015bci\u0105, przygotowuj\u0119 nowe strategie rozwoju oraz opiniuj\u0119 nowe modele biznesowe.<\/p><p><\/p><h3 class=\"wp-block-heading\">Us\u0142ugi<\/h3><p>Doradzam w zakresie prawa cywilnego i handlowego, prawa pracy, prawa nowych technologii, prawa autorskiego, prawa w\u0142asno\u015bci przemys\u0142owej, prawa znak\u00f3w towarowych, oraz prawa administracyjnego.<\/p><p>Przygotowuj\u0119 dokumentacj\u0119 korporacyjn\u0105 i reprezentuj\u0119 w post\u0119powaniach rejestrowych. Doradzam przy zak\u0142adaniu, przekszta\u0142caniu, \u0142\u0105czeniu, podziale i likwidacji sp\u00f3\u0142ek handlowych.<\/p><p><\/p><h3 class=\"wp-block-heading\">Zmiany w przepisach<\/h3><p>Umo\u017cliwiam moim klientom przygotowanie si\u0119 do zmian w prawie. Informuj\u0119 o projektach zmian w przepisach prawa powszechnie obowi\u0105zuj\u0105cych, nowelizacjach tych przepis\u00f3w, najnowszych orzeczeniach s\u0105d\u00f3w powszechnych i administracyjnych oraz wp\u0142ywie na prawa i obowi\u0105zki moich klient\u00f3w<\/p><p><\/p><h3 class=\"wp-block-heading\">Umowy<\/h3><p>Tworz\u0119 umowy handlowe i asystuj\u0119 w negocjowaniu ich tre\u015bci, a w razie konieczno\u015bci modyfikuj\u0119 ich tre\u015b\u0107. Przygotowuj\u0119 tak\u017ce zabezpieczenia w\u0142a\u015bciwego wykonywania tych um\u00f3w i wskazuj\u0119 ryzyka wynikaj\u0105ce z ich zawarcia lub niew\u0142a\u015bciwego wykonania. Nadzoruj\u0119 wykonywanie um\u00f3w oraz reprezentuj\u0119 moich klient\u00f3w w sporach powsta\u0142ych w zwi\u0105zku z wykonywaniem tych um\u00f3w.<\/p><p><\/p><h3 class=\"wp-block-heading\">Compliance<\/h3><p>Doradzam w zakresie zapewnienia zgodno\u015bci wewn\u0119trznych akt\u00f3w prawnych z powszechnie obowi\u0105zuj\u0105cymi przepisami prawa oraz zapewnieniem zgodno\u015bci dzia\u0142a\u0144 moich klient\u00f3w z ich wewn\u0119trznymi regulacjami i powszechnie obowi\u0105zuj\u0105cymi przepisami prawa. Przeprowadzam audyty dzia\u0142a\u0144 przedsi\u0119biorstw moich klient\u00f3w i ustalam ryzyka i nieprawid\u0142owo\u015bci w tych dzia\u0142aniach oraz wskazuj\u0119 mo\u017cliwe rozwi\u0105zania<\/p><p><\/p><h3 class=\"wp-block-heading\">Prawo IT<\/h3><p>Specjalizuj\u0119 si\u0119 w prawie nowych technologii. Doradzam przedsi\u0119biorcom wdra\u017caj\u0105cym projekty IT, programistom i software house.<\/p><p>Wsp\u00f3\u0142pracuj\u0119 z programistami przeprowadzaj\u0105cymi audyty bezpiecze\u0144stwa minimalizuj\u0105c ryzyko niebezpiecze\u0144stw zwi\u0105zanych z atakami cybernetycznymi. Wskazuj\u0119 wymagania prawne dla procedur z zakresu bezpiecze\u0144stwa informatycznego wdra\u017canych przez programist\u00f3w. Wspieram programist\u00f3w weryfikuj\u0105cych zarz\u0105dzanie podatno\u015bciami i oceniaj\u0105cymi poziomu bezpiecze\u0144stwa.<\/p><p><\/p><h3 class=\"wp-block-heading\">Znaki towarowe<\/h3><p>Doradzam w sprawach zastrze\u017cenia znak\u00f3w towarowych i logo. Weryfikuj\u0119 zdolno\u015b\u0107 ochronn\u0105. Reprezentuj\u0119 moich klient\u00f3w w post\u0119powaniach przez Urz\u0119dem Patentowym RP.<\/p><p><\/p><h3 class=\"wp-block-heading\">Szkolenia<\/h3><p>Wsp\u00f3\u0142pracuj\u0105c z moimi klientami staram si\u0119 dowiedzie\u0107 w jakich kwestiach nale\u017cy uzupe\u0142ni\u0107 wiedz\u0119 ich pracownik\u00f3w lub wsp\u00f3\u0142pracownik\u00f3w i prowadz\u0119 szkolenia w tym zakresie. Prowadz\u0119 szkolenia z zakresu konstruowania i zabezpieczania um\u00f3w handlowych oraz post\u0119powania przed organami administracji.<\/p><\/div>\n\t\t\t\t<\/div>\n\t\t            <\/div>\n        <\/div>\n                    <\/div>\n        <\/section>\n                <section class=\"elementor-section elementor-top-section elementor-element elementor-element-2a5c3f1 elementor-section-boxed elementor-section-height-default elementor-section-height-default ct-header-fixed-none ct-column-none ct-row-scroll-none\" data-id=\"2a5c3f1\" data-element_type=\"section\">\n            \n                        <div class=\"elementor-container elementor-column-gap-default \">\n                    <div class=\"elementor-column elementor-col-100 elementor-top-column elementor-element elementor-element-705e176 ct-column-none col-offset-none\" data-id=\"705e176\" data-element_type=\"column\">\n        <div class=\"elementor-widget-wrap elementor-element-populated\">\n                    \n        \t\t<div class=\"elementor-element elementor-element-48fa2dc elementor-widget elementor-widget-ct_practice_grid\" data-id=\"48fa2dc\" data-element_type=\"widget\" data-widget_type=\"ct_practice_grid.default\">\n\t\t\t\t<div class=\"elementor-widget-container\">\n\t\t\t\t\t\r\n<div id=\"ct_practice_grid-48fa2dc\"\r\n     class=\"ct-grid ct-practice ct-practice-grid1 item--\"\r\n     data-layout=\"masonry\" data-start-page=\"1\"\r\n     data-max-pages=\"1\" data-total=\"6\"\r\n     data-perpage=\"6\" data-next-link=\"\">\r\n    <div class=\"ct-grid-overlay\"><\/div>\r\n    \r\n    <div class=\"ct-grid-inner ct-grid-masonry row animate-time\" data-gutter=\"15\">\r\n                        <div class=\"grid-item col-xl-4 col-lg-4 col-md-4 col-sm-6 col-12 \">\r\n                    <div class=\"grid-item-inner ct-grid-direction \"\r\n                         data-wow-duration=\"1.2s\">\r\n                                                <div class=\"item--featured item-direction\">\r\n                            <div class=\"wrap-derection \">\r\n\r\n                                <a href=\"https:\/\/www.mg-legal.eu\/?practice=doradztwo-biznesowe\"><\/a>\r\n                                <div class=\"item--holder \">\r\n                                                                            <div class=\"item--icon\"><i class=\"flaticon-portfolio\"><\/i>\r\n                                        <\/div>\r\n\r\n                                                                        <div class=\"item--meta\">\r\n                                                                                    <div class=\"item--category\">\r\n                                                                                            <\/div>\r\n                                        \r\n                                                                                    <h3 class=\"item--title\"><a\r\n                                                        href=\"https:\/\/www.mg-legal.eu\/?practice=doradztwo-biznesowe\">Doradztwo biznesowe<\/a>\r\n                                            <\/h3>\r\n                                                                                                                            <div class=\"item-except\">\r\n                                                Wsp\u00f3\u0142pracuj\u0105c z moimi klientami, jestem r\u00f3wnie\u017c ich doradc\u0105 biznesowym, identyfikuj\u0119 ryzyka zwi\u0105zane z prowadzon\u0105 przez nich dzia\u0142alno\u015bci\u0105, przygotowuj\u0119 nowe strategie rozwoju oraz opiniuj\u0119 nowe modele&hellip;                                            <\/div>\r\n                                                                                \r\n                                    <\/div>\r\n                                <\/div>\r\n                            <\/div>\r\n                        <\/div>\r\n                    <\/div>\r\n                <\/div>\r\n                            <div class=\"grid-item col-xl-4 col-lg-4 col-md-4 col-sm-6 col-12 \">\r\n                    <div class=\"grid-item-inner ct-grid-direction \"\r\n                         data-wow-duration=\"1.2s\">\r\n                                                <div class=\"item--featured item-direction\">\r\n                            <div class=\"wrap-derection \">\r\n\r\n                                <a href=\"https:\/\/www.mg-legal.eu\/?practice=zmiany-w-przepisach\"><\/a>\r\n                                <div class=\"item--holder \">\r\n                                                                            <div class=\"item--icon\"><i class=\"flaticon-criminal\"><\/i>\r\n                                        <\/div>\r\n\r\n                                                                        <div class=\"item--meta\">\r\n                                                                                    <div class=\"item--category\">\r\n                                                                                            <\/div>\r\n                                        \r\n                                                                                    <h3 class=\"item--title\"><a\r\n                                                        href=\"https:\/\/www.mg-legal.eu\/?practice=zmiany-w-przepisach\">Zmiany w przepisach<\/a>\r\n                                            <\/h3>\r\n                                                                                                                            <div class=\"item-except\">\r\n                                                Umo\u017cliwiam moim klientom przygotowanie si\u0119 do zmian w prawie. Informuj\u0119 o projektach zmian w przepisach prawa powszechnie obowi\u0105zuj\u0105cych, nowelizacjach tych przepis\u00f3w, najnowszych orzeczeniach s\u0105d\u00f3w powszechnych&hellip;                                            <\/div>\r\n                                                                                \r\n                                    <\/div>\r\n                                <\/div>\r\n                            <\/div>\r\n                        <\/div>\r\n                    <\/div>\r\n                <\/div>\r\n                            <div class=\"grid-item col-xl-4 col-lg-4 col-md-4 col-sm-6 col-12 \">\r\n                    <div class=\"grid-item-inner ct-grid-direction \"\r\n                         data-wow-duration=\"1.2s\">\r\n                                                <div class=\"item--featured item-direction\">\r\n                            <div class=\"wrap-derection \">\r\n\r\n                                <a href=\"https:\/\/www.mg-legal.eu\/?practice=umowy\"><\/a>\r\n                                <div class=\"item--holder \">\r\n                                                                            <div class=\"item--icon\"><i class=\"flaticon-libra\"><\/i>\r\n                                        <\/div>\r\n\r\n                                                                        <div class=\"item--meta\">\r\n                                                                                    <div class=\"item--category\">\r\n                                                                                            <\/div>\r\n                                        \r\n                                                                                    <h3 class=\"item--title\"><a\r\n                                                        href=\"https:\/\/www.mg-legal.eu\/?practice=umowy\">Umowy<\/a>\r\n                                            <\/h3>\r\n                                                                                                                            <div class=\"item-except\">\r\n                                                Tworz\u0119 umowy handlowe i asystuj\u0119 w negocjowaniu ich tre\u015bci, a w razie konieczno\u015bci modyfikuj\u0119 ich tre\u015b\u0107. Przygotowuj\u0119 tak\u017ce zabezpieczenia w\u0142a\u015bciwego wykonywania tych um\u00f3w i wskazuj\u0119&hellip;                                            <\/div>\r\n                                                                                \r\n                                    <\/div>\r\n                                <\/div>\r\n                            <\/div>\r\n                        <\/div>\r\n                    <\/div>\r\n                <\/div>\r\n                            <div class=\"grid-item col-xl-4 col-lg-4 col-md-4 col-sm-6 col-12 \">\r\n                    <div class=\"grid-item-inner ct-grid-direction \"\r\n                         data-wow-duration=\"1.2s\">\r\n                                                <div class=\"item--featured item-direction\">\r\n                            <div class=\"wrap-derection \">\r\n\r\n                                <a href=\"https:\/\/www.mg-legal.eu\/?practice=compliance\"><\/a>\r\n                                <div class=\"item--holder \">\r\n                                                                            <div class=\"item--icon\"><i class=\"flaticon-act\"><\/i>\r\n                                        <\/div>\r\n\r\n                                                                        <div class=\"item--meta\">\r\n                                                                                    <div class=\"item--category\">\r\n                                                                                            <\/div>\r\n                                        \r\n                                                                                    <h3 class=\"item--title\"><a\r\n                                                        href=\"https:\/\/www.mg-legal.eu\/?practice=compliance\">Compliance<\/a>\r\n                                            <\/h3>\r\n                                                                                                                            <div class=\"item-except\">\r\n                                                Doradzam w zakresie zapewnienia zgodno\u015bci wewn\u0119trznych akt\u00f3w prawnych z powszechnie obowi\u0105zuj\u0105cymi przepisami prawa oraz zapewnieniem zgodno\u015bci dzia\u0142a\u0144 moich klient\u00f3w z ich wewn\u0119trznymi regulacjami i powszechnie&hellip;                                            <\/div>\r\n                                                                                \r\n                                    <\/div>\r\n                                <\/div>\r\n                            <\/div>\r\n                        <\/div>\r\n                    <\/div>\r\n                <\/div>\r\n                            <div class=\"grid-item col-xl-4 col-lg-4 col-md-4 col-sm-6 col-12 \">\r\n                    <div class=\"grid-item-inner ct-grid-direction \"\r\n                         data-wow-duration=\"1.2s\">\r\n                                                <div class=\"item--featured item-direction\">\r\n                            <div class=\"wrap-derection \">\r\n\r\n                                <a href=\"https:\/\/www.mg-legal.eu\/?practice=prawo-it\"><\/a>\r\n                                <div class=\"item--holder \">\r\n                                                                            <div class=\"item--icon\"><i class=\"flaticon-folder\"><\/i>\r\n                                        <\/div>\r\n\r\n                                                                        <div class=\"item--meta\">\r\n                                                                                    <div class=\"item--category\">\r\n                                                                                            <\/div>\r\n                                        \r\n                                                                                    <h3 class=\"item--title\"><a\r\n                                                        href=\"https:\/\/www.mg-legal.eu\/?practice=prawo-it\">Prawo IT<\/a>\r\n                                            <\/h3>\r\n                                                                                                                            <div class=\"item-except\">\r\n                                                Specjalizuj\u0119 si\u0119 w prawie nowych technologii. Doradzam przedsi\u0119biorcom wdra\u017caj\u0105cym projekty IT, programistom i software house. Wsp\u00f3\u0142pracuj\u0119 z programistami przeprowadzaj\u0105cymi audyty bezpiecze\u0144stwa minimalizuj\u0105c ryzyko niebezpiecze\u0144stw zwi\u0105zanych&hellip;                                            <\/div>\r\n                                                                                \r\n                                    <\/div>\r\n                                <\/div>\r\n                            <\/div>\r\n                        <\/div>\r\n                    <\/div>\r\n                <\/div>\r\n                            <div class=\"grid-item col-xl-4 col-lg-4 col-md-4 col-sm-6 col-12 \">\r\n                    <div class=\"grid-item-inner ct-grid-direction \"\r\n                         data-wow-duration=\"1.2s\">\r\n                                                <div class=\"item--featured item-direction\">\r\n                            <div class=\"wrap-derection \">\r\n\r\n                                <a href=\"https:\/\/www.mg-legal.eu\/?practice=znaki-towarowe\"><\/a>\r\n                                <div class=\"item--holder \">\r\n                                                                            <div class=\"item--icon\"><i class=\"flaticon-lawyer-1\"><\/i>\r\n                                        <\/div>\r\n\r\n                                                                        <div class=\"item--meta\">\r\n                                                                                    <div class=\"item--category\">\r\n                                                                                            <\/div>\r\n                                        \r\n                                                                                    <h3 class=\"item--title\"><a\r\n                                                        href=\"https:\/\/www.mg-legal.eu\/?practice=znaki-towarowe\">Znaki towarowe<\/a>\r\n                                            <\/h3>\r\n                                                                                                                            <div class=\"item-except\">\r\n                                                Doradzam w sprawach zastrze\u017cenia znak\u00f3w towarowych i logo. Weryfikuj\u0119 zdolno\u015b\u0107 ochronn\u0105. Reprezentuj\u0119 moich klient\u00f3w w post\u0119powaniach przez Urz\u0119dem Patentowym RP.                                            <\/div>\r\n                                                                                \r\n                                    <\/div>\r\n                                <\/div>\r\n                            <\/div>\r\n                        <\/div>\r\n                    <\/div>\r\n                <\/div>\r\n                                <div class=\"grid-sizer col-xl-4 col-lg-4 col-md-4 col-sm-6 col-12\"><\/div>\r\n            <\/div>\r\n    \r\n\r\n    <\/div>\t\t\t\t<\/div>\n\t\t\t\t<\/div>\n\t\t            <\/div>\n        <\/div>\n                    <\/div>\n        <\/section>\t\t<\/div>\n\t\t","protected":false},"excerpt":{"rendered":"<p>Wsp\u00f3\u0142pracuj\u0105c z moimi klientami, jestem r\u00f3wnie\u017c ich doradc\u0105 biznesowym, identyfikuj\u0119 ryzyka zwi\u0105zane z prowadzon\u0105 przez nich dzia\u0142alno\u015bci\u0105, przygotowuj\u0119 nowe strategie rozwoju oraz opiniuj\u0119 nowe modele biznesowe. Us\u0142ugi Doradzam w zakresie prawa cywilnego i handlowego, prawa pracy, prawa nowych technologii, prawa autorskiego, prawa w\u0142asno\u015bci przemys\u0142owej, prawa znak\u00f3w towarowych, oraz prawa administracyjnego. Przygotowuj\u0119 dokumentacj\u0119 korporacyjn\u0105 i reprezentuj\u0119 [&hellip;]<\/p>\n","protected":false},"author":1,"featured_media":0,"parent":0,"menu_order":0,"comment_status":"closed","ping_status":"closed","template":"","meta":{"footnotes":""},"class_list":["post-6803","page","type-page","status-publish","hentry"],"_links":{"self":[{"href":"https:\/\/www.mg-legal.eu\/index.php?rest_route=\/wp\/v2\/pages\/6803","targetHints":{"allow":["GET"]}}],"collection":[{"href":"https:\/\/www.mg-legal.eu\/index.php?rest_route=\/wp\/v2\/pages"}],"about":[{"href":"https:\/\/www.mg-legal.eu\/index.php?rest_route=\/wp\/v2\/types\/page"}],"author":[{"embeddable":true,"href":"https:\/\/www.mg-legal.eu\/index.php?rest_route=\/wp\/v2\/users\/1"}],"replies":[{"embeddable":true,"href":"https:\/\/www.mg-legal.eu\/index.php?rest_route=%2Fwp%2Fv2%2Fcomments&post=6803"}],"version-history":[{"count":0,"href":"https:\/\/www.mg-legal.eu\/index.php?rest_route=\/wp\/v2\/pages\/6803\/revisions"}],"wp:attachment":[{"href":"https:\/\/www.mg-legal.eu\/index.php?rest_route=%2Fwp%2Fv2%2Fmedia&parent=6803"}],"curies":[{"name":"wp","href":"https:\/\/api.w.org\/{rel}","templated":true}]}}