{"id":6808,"date":"2022-11-02T22:10:35","date_gmt":"2022-11-02T22:10:35","guid":{"rendered":"http:\/\/mg-legaloffice.eu\/?page_id=6808"},"modified":"2022-11-02T22:10:35","modified_gmt":"2022-11-02T22:10:35","slug":"ngo","status":"publish","type":"page","link":"https:\/\/www.mg-legal.eu\/?page_id=6808","title":{"rendered":"NGO"},"content":{"rendered":"<p>Doradzam organizacjom non-profit broni\u0105cych praw obywatelskich i praw cz\u0142owieka oraz pomagaj\u0105cych w sytuacjach kryzysowych.<\/p><p>Wsp\u00f3\u0142pracuj\u0119 \u2019z Amnesty International Polska, Doctors Without Borders (MSF), Extinction Rebellion Polska\u2019,\u2019WatchDogPolska i Iokalnymi organizacjami pomagaj\u0105cymi dzieciom, osobom niepe\u0142nosprawnym i bezdomnym.<\/p><p>Udzielam r\u00f3wnie\u017c pomocy prawnej organizacjom reprezentuj\u0105cym mniejszo\u015bci narodowe, takim jak Zwi\u0105zek Tatar\u00f3w Polskich.<\/p><p>W 2021 r. doradza\u0142am Doctors Without Borders (MSF) w tworzeniu struktur polskiego oddzia\u0142u tej organizacji.<\/p><p>W 2022 r. przygotowa\u0142am dla Amnesty International Polska analiz\u0119 przepis\u00f3w prawa krajowego i mi\u0119dzynarodowego oraz orzecznictwa s\u0105d\u00f3w polskich i Trybuna\u0142u Sprawiedliwo\u015bci Unii Europejskiej dotycz\u0105cy penalizacji prawa do aborcji.<\/p><p>Wsp\u00f3\u0142pracuj\u0119 z Fundacj\u0105 Otwarty Dialog (ODF) doradzaj\u0105c w kwestiach dotycz\u0105cych sytuacji prawnej mieszka\u0144com Ukrainy szukaj\u0105cych schronienia w Polsce lub ubiegaj\u0105cych si\u0119 o prawo azylu w Polsce. Mieszka\u0144com Ukrainy, kt\u00f3rzy chc\u0105 znale\u017a\u0107 schronienie poza Polsk\u0105, udzielam informacji, jak\u0105 pomoc mog\u0105 uzyska\u0107 w innych krajach.<\/p><p>Wsp\u00f3\u0142pracuj\u0119 z Fundacj\u0105 Klimat dla Rolnictwa przygotowuj\u0105c analizy przepis\u00f3w dotycz\u0105cych dzia\u0142alno\u015bci rolniczej, a w tym wymog\u00f3w co do dobrostanu zwierz\u0105t, przepis\u00f3w podatkowych, przepis\u00f3w o sprzeda\u017cy produkt\u00f3w rolnych, rolnictwie spo\u0142ecznym i gospodarstwach opieku\u0144czych, certyfikacji i wymogach dla gospodarstw ekologicznych.<\/p>","protected":false},"excerpt":{"rendered":"<p>Doradzam organizacjom non-profit broni\u0105cych praw obywatelskich i praw cz\u0142owieka oraz pomagaj\u0105cych w sytuacjach kryzysowych. Wsp\u00f3\u0142pracuj\u0119 \u2019z Amnesty International Polska, Doctors Without Borders (MSF), Extinction Rebellion Polska\u2019,\u2019WatchDogPolska i Iokalnymi organizacjami pomagaj\u0105cymi dzieciom, osobom niepe\u0142nosprawnym i bezdomnym. Udzielam r\u00f3wnie\u017c pomocy prawnej organizacjom reprezentuj\u0105cym mniejszo\u015bci narodowe, takim jak Zwi\u0105zek Tatar\u00f3w Polskich. W 2021 r. doradza\u0142am Doctors Without Borders [&hellip;]<\/p>\n","protected":false},"author":1,"featured_media":0,"parent":0,"menu_order":0,"comment_status":"closed","ping_status":"closed","template":"","meta":{"footnotes":""},"class_list":["post-6808","page","type-page","status-publish","hentry"],"_links":{"self":[{"href":"https:\/\/www.mg-legal.eu\/index.php?rest_route=\/wp\/v2\/pages\/6808","targetHints":{"allow":["GET"]}}],"collection":[{"href":"https:\/\/www.mg-legal.eu\/index.php?rest_route=\/wp\/v2\/pages"}],"about":[{"href":"https:\/\/www.mg-legal.eu\/index.php?rest_route=\/wp\/v2\/types\/page"}],"author":[{"embeddable":true,"href":"https:\/\/www.mg-legal.eu\/index.php?rest_route=\/wp\/v2\/users\/1"}],"replies":[{"embeddable":true,"href":"https:\/\/www.mg-legal.eu\/index.php?rest_route=%2Fwp%2Fv2%2Fcomments&post=6808"}],"version-history":[{"count":0,"href":"https:\/\/www.mg-legal.eu\/index.php?rest_route=\/wp\/v2\/pages\/6808\/revisions"}],"wp:attachment":[{"href":"https:\/\/www.mg-legal.eu\/index.php?rest_route=%2Fwp%2Fv2%2Fmedia&parent=6808"}],"curies":[{"name":"wp","href":"https:\/\/api.w.org\/{rel}","templated":true}]}}