{"id":6810,"date":"2022-11-02T22:11:13","date_gmt":"2022-11-02T22:11:13","guid":{"rendered":"http:\/\/mg-legaloffice.eu\/?page_id=6810"},"modified":"2022-11-02T22:11:13","modified_gmt":"2022-11-02T22:11:13","slug":"publikacje","status":"publish","type":"page","link":"https:\/\/www.mg-legal.eu\/?page_id=6810","title":{"rendered":"Publikacje"},"content":{"rendered":"\t\t<div data-elementor-type=\"wp-page\" data-elementor-id=\"6810\" class=\"elementor elementor-6810\">\n\t\t\t\t<section class=\"elementor-section elementor-top-section elementor-element elementor-element-7ef7accf elementor-section-boxed elementor-section-height-default elementor-section-height-default ct-header-fixed-none ct-column-none ct-row-scroll-none\" data-id=\"7ef7accf\" data-element_type=\"section\">\n            \n                        <div class=\"elementor-container elementor-column-gap-default \">\n                    <div class=\"elementor-column elementor-col-100 elementor-top-column elementor-element elementor-element-67b19272 ct-column-none col-offset-none\" data-id=\"67b19272\" data-element_type=\"column\">\n        <div class=\"elementor-widget-wrap elementor-element-populated\">\n                    \n        \t\t<div class=\"elementor-element elementor-element-4d12141d elementor-widget elementor-widget-text-editor\" data-id=\"4d12141d\" data-element_type=\"widget\" data-widget_type=\"text-editor.default\">\n\t\t\t\t<div class=\"elementor-widget-container\"><p>Wsp\u00f3\u0142pracuj\u0119 z serwisem informacyjnym Rzeczpospolita rp.pl,<\/p><p>portalem internetowym www.ngo.pl<\/p><p>portalem extinctionrebellion.pl<\/p><p><a href=\"https:\/\/klimatdlarolnictwa.pl\/publikacje-i-poradniki\">https:\/\/klimatdlarolnictwa.pl\/publikacje-i-poradniki<\/a><\/p><p>gdzie publikuj\u0119 artyku\u0142y i poradniki oparte na wiedzy i do\u015bwiadczeniu kt\u00f3re zdoby\u0142am wsp\u00f3\u0142pracuj\u0105c z moimi klientami<\/p><\/div>\n\t\t\t\t<\/div>\n\t\t            <\/div>\n        <\/div>\n                    <\/div>\n        <\/section>\n                <section class=\"elementor-section elementor-top-section elementor-element elementor-element-0fa28db elementor-section-boxed elementor-section-height-default elementor-section-height-default ct-header-fixed-none ct-column-none ct-row-scroll-none\" data-id=\"0fa28db\" data-element_type=\"section\">\n            \n                        <div class=\"elementor-container elementor-column-gap-default \">\n                    <div class=\"elementor-column elementor-col-100 elementor-top-column elementor-element elementor-element-cc5ae39 ct-column-none col-offset-none\" data-id=\"cc5ae39\" data-element_type=\"column\">\n        <div class=\"elementor-widget-wrap elementor-element-populated\">\n                    \n        \t\t<div class=\"elementor-element elementor-element-8f2ee32 elementor-widget elementor-widget-ct_heading\" data-id=\"8f2ee32\" data-element_type=\"widget\" data-widget_type=\"ct_heading.default\">\n\t\t\t\t<div class=\"elementor-widget-container\">\n\t\t\t\t\t<div class=\"ct-heading h-align-center item-style1\">\r\n\t\t\t<div class=\"item--sub-title style-default\">\r\n            <span>\r\n                                Maria Grochowska            <\/span>\r\n        <\/div>\r\n\t    <h3 class=\"item--title case-animate-time style1 \" data-wow-delay=\"ms\">\r\n        <span>Najnowsze publikacje<\/span>    <\/h3>\r\n<\/div>\r\n\r\n\t\t\t\t<\/div>\n\t\t\t\t<\/div>\n\t\t            <\/div>\n        <\/div>\n                    <\/div>\n        <\/section>\n                <section class=\"elementor-section elementor-top-section elementor-element elementor-element-96ed9f6 elementor-section-boxed elementor-section-height-default elementor-section-height-default ct-header-fixed-none ct-column-none ct-row-scroll-none\" data-id=\"96ed9f6\" data-element_type=\"section\">\n            \n                        <div class=\"elementor-container elementor-column-gap-default \">\n                    <div class=\"elementor-column elementor-col-100 elementor-top-column elementor-element elementor-element-d0fac01 ct-column-none col-offset-none\" data-id=\"d0fac01\" data-element_type=\"column\">\n        <div class=\"elementor-widget-wrap elementor-element-populated\">\n                    \n        \t\t<div class=\"elementor-element elementor-element-cf50bc3 elementor-widget elementor-widget-ct_blog_grid\" data-id=\"cf50bc3\" data-element_type=\"widget\" data-widget_type=\"ct_blog_grid.default\">\n\t\t\t\t<div class=\"elementor-widget-container\">\n\t\t\t\t\t\r\n<div id=\"ct_blog_grid-cf50bc3\" class=\"ct-grid ct-blog-grid ct-blog-grid-layout1\" data-layout=\"masonry\" data-start-page=\"1\" data-max-pages=\"2\" data-total=\"7\" data-perpage=\"4\" data-next-link=\"https:\/\/www.mg-legal.eu\/index.php?rest_route=%2Fwp%2Fv2%2Fpages%2F6810&#038;paged=2\">\r\n    \r\n    <div class=\"ct-grid-inner ct-grid-masonry row animate-time\" data-gutter=\"15\">\r\n                        <div class=\"grid-item col-xl-3 col-lg-3 col-md-4 col-sm-6 col-12 uncategorized\">\r\n                    <div class=\"grid-item-inner \" data-wow-duration=\"1.2s\">\r\n                        \r\n                        <div class=\"item--holder\">\r\n                                                            <ul class=\"item--meta ct-item-meta\">\r\n                                                                                                                <li class=\"item-date\">\r\n                                            November 16, 2024                                        <\/li>\r\n                                                                    <\/ul>\r\n                                                        <h3 class=\"item--title\"><a\r\n                                        href=\"https:\/\/www.mg-legal.eu\/?p=1\">Hello world!<\/a>\r\n                            <\/h3>\r\n                                                            <div class=\"item--content\">\r\n                                                                    <\/div>\r\n                                                                                        <div class=\"item--readmore\">\r\n                                    <a class=\"\" href=\"https:\/\/www.mg-legal.eu\/?p=1\">\r\n                                    <span>Wi\u0119cej<\/span>\r\n                                    <\/a>\r\n                                <\/div>\r\n                                                    <\/div>\r\n                    <\/div>\r\n                <\/div>\r\n                            <div class=\"grid-item col-xl-3 col-lg-3 col-md-4 col-sm-6 col-12 opinie-prawne publicystyka\">\r\n                    <div class=\"grid-item-inner \" data-wow-duration=\"1.2s\">\r\n                                                    <div class=\"item--featured\">\r\n                                <a href=\"https:\/\/www.mg-legal.eu\/?p=6916\"><img fetchpriority=\"high\" decoding=\"async\" class=\"no-lazyload \" src=\"https:\/\/www.mg-legal.eu\/wp-content\/uploads\/2022\/12\/prad-wtyczka-energia-oswiadczenie-wypelnienie-ulga-prawo-poradnik-420x275.png\" width=\"420\" height=\"275\" alt=\"prad-wtyczka-energia-oswiadczenie-wypelnienie-ulga-prawo-poradnik\" title=\"prad-wtyczka-energia-oswiadczenie-wypelnienie-ulga-prawo-poradnik\" \/><\/a>\r\n                                                                    <div class=\"item--category\">\r\n                                        <a href=\"https:\/\/www.mg-legal.eu\/?cat=11\" rel=\"tag\">Opinie prawne<\/a> <a href=\"https:\/\/www.mg-legal.eu\/?cat=13\" rel=\"tag\">Publicystyka<\/a>                                    <\/div>\r\n                                                            <\/div>\r\n                        \r\n                        <div class=\"item--holder\">\r\n                                                            <ul class=\"item--meta ct-item-meta\">\r\n                                                                                                                <li class=\"item-date\">\r\n                                            November 28, 2022                                        <\/li>\r\n                                                                    <\/ul>\r\n                                                        <h3 class=\"item--title\"><a\r\n                                        href=\"https:\/\/www.mg-legal.eu\/?p=6916\">NGO-sy i mniejsze op\u0142aty za pr\u0105d. Jak wype\u0142ni\u0107 o\u015bwiadczenie<\/a>\r\n                            <\/h3>\r\n                                                            <div class=\"item--content\">\r\n                                    Ustawa o \u015brodkach nadzwyczajnych maj\u0105cych na celu ograniczenie wysoko\u015bci cen energii elektrycznej oraz wsparciu niekt\u00f3rych odbiorc\u00f3w w 2023 r. wdra\u017ca dzia\u0142ania ochronne, kt\u00f3re b\u0119d\u0105 trafia\u0142y&hellip;                                <\/div>\r\n                                                                                        <div class=\"item--readmore\">\r\n                                    <a class=\"\" href=\"https:\/\/www.mg-legal.eu\/?p=6916\">\r\n                                    <span>Wi\u0119cej<\/span>\r\n                                    <\/a>\r\n                                <\/div>\r\n                                                    <\/div>\r\n                    <\/div>\r\n                <\/div>\r\n                            <div class=\"grid-item col-xl-3 col-lg-3 col-md-4 col-sm-6 col-12 opinie-prawne publicystyka\">\r\n                    <div class=\"grid-item-inner \" data-wow-duration=\"1.2s\">\r\n                                                    <div class=\"item--featured\">\r\n                                <a href=\"https:\/\/www.mg-legal.eu\/?p=6754\"><img decoding=\"async\" class=\"no-lazyload \" src=\"https:\/\/www.mg-legal.eu\/wp-content\/uploads\/2022\/11\/kaloryfer-420x275.png\" width=\"420\" height=\"275\" alt=\"kaloryfer\" title=\"kaloryfer\" \/><\/a>\r\n                                                                    <div class=\"item--category\">\r\n                                        <a href=\"https:\/\/www.mg-legal.eu\/?cat=11\" rel=\"tag\">Opinie prawne<\/a> <a href=\"https:\/\/www.mg-legal.eu\/?cat=13\" rel=\"tag\">Publicystyka<\/a>                                    <\/div>\r\n                                                            <\/div>\r\n                        \r\n                        <div class=\"item--holder\">\r\n                                                            <ul class=\"item--meta ct-item-meta\">\r\n                                                                                                                <li class=\"item-date\">\r\n                                            October 22, 2022                                        <\/li>\r\n                                                                    <\/ul>\r\n                                                        <h3 class=\"item--title\"><a\r\n                                        href=\"https:\/\/www.mg-legal.eu\/?p=6754\">Czy NGO-sy zap\u0142ac\u0105 mniej za ciep\u0142o?<\/a>\r\n                            <\/h3>\r\n                                                            <div class=\"item--content\">\r\n                                    Ustawa o szczeg\u00f3lnych rozwi\u0105zaniach w zakresie niekt\u00f3rych \u017ar\u00f3de\u0142 ciep\u0142a w zwi\u0105zku z sytuacj\u0105 na rynku paliw ma na celu wdro\u017cenie dzia\u0142a\u0144 ochronnych polegaj\u0105cych na ograniczeniu&hellip;                                <\/div>\r\n                                                                                        <div class=\"item--readmore\">\r\n                                    <a class=\"\" href=\"https:\/\/www.mg-legal.eu\/?p=6754\">\r\n                                    <span>Wi\u0119cej<\/span>\r\n                                    <\/a>\r\n                                <\/div>\r\n                                                    <\/div>\r\n                    <\/div>\r\n                <\/div>\r\n                            <div class=\"grid-item col-xl-3 col-lg-3 col-md-4 col-sm-6 col-12 pro-bono publicystyka\">\r\n                    <div class=\"grid-item-inner \" data-wow-duration=\"1.2s\">\r\n                                                    <div class=\"item--featured\">\r\n                                <a href=\"https:\/\/www.mg-legal.eu\/?p=5888\"><img decoding=\"async\" class=\"no-lazyload \" src=\"https:\/\/www.mg-legal.eu\/wp-content\/uploads\/2022\/11\/prawnicy-pro-bono-1-420x275.jpeg\" width=\"420\" height=\"275\" alt=\"prawnicy-pro-bono-1\" title=\"prawnicy-pro-bono-1\" \/><\/a>\r\n                                                                    <div class=\"item--category\">\r\n                                        <a href=\"https:\/\/www.mg-legal.eu\/?cat=12\" rel=\"tag\">Pro Bono<\/a> <a href=\"https:\/\/www.mg-legal.eu\/?cat=13\" rel=\"tag\">Publicystyka<\/a>                                    <\/div>\r\n                                                            <\/div>\r\n                        \r\n                        <div class=\"item--holder\">\r\n                                                            <ul class=\"item--meta ct-item-meta\">\r\n                                                                                                                <li class=\"item-date\">\r\n                                            October 8, 2022                                        <\/li>\r\n                                                                    <\/ul>\r\n                                                        <h3 class=\"item--title\"><a\r\n                                        href=\"https:\/\/www.mg-legal.eu\/?p=5888\">Prawnicy z sercem. Pomagaj\u0105 pro bono, ratuj\u0105 z opresji<\/a>\r\n                            <\/h3>\r\n                                                            <div class=\"item--content\">\r\n                                    Niekt\u00f3re sprawy ograniczaj\u0105 si\u0119 do jednego pisma albo konsultacji, inne wymagaj\u0105 du\u017cego zaanga\u017cowania i ci\u0105gn\u0105 si\u0119 miesi\u0105cami. Kancelarie prawne pomagaj\u0105 organizacjom pozarz\u0105dowym na r\u00f3\u017cne sposoby.&hellip;                                <\/div>\r\n                                                                                        <div class=\"item--readmore\">\r\n                                    <a class=\"\" href=\"https:\/\/www.mg-legal.eu\/?p=5888\">\r\n                                    <span>Wi\u0119cej<\/span>\r\n                                    <\/a>\r\n                                <\/div>\r\n                                                    <\/div>\r\n                    <\/div>\r\n                <\/div>\r\n                                <div class=\"grid-sizer col-xl-3 col-lg-3 col-md-4 col-sm-6 col-12\"><\/div>\r\n            <\/div>\r\n            <div class=\"ct-grid-pagination\" data-loadmore=\"{&quot;startPage&quot;:1,&quot;maxPages&quot;:2,&quot;total&quot;:7,&quot;perpage&quot;:4,&quot;nextLink&quot;:&quot;https:\\\/\\\/www.mg-legal.eu\\\/index.php?rest_route=%2Fwp%2Fv2%2Fpages%2F6810&#038;paged=2&quot;,&quot;source&quot;:&quot;&quot;,&quot;orderby&quot;:&quot;date&quot;,&quot;order&quot;:&quot;desc&quot;,&quot;limit&quot;:4,&quot;post_ids&quot;:&quot;&quot;,&quot;col_xl&quot;:3,&quot;col_lg&quot;:3,&quot;col_md&quot;:4,&quot;col_sm&quot;:6,&quot;col_xs&quot;:12,&quot;pagination_type&quot;:&quot;pagination&quot;,&quot;show_category&quot;:&quot;true&quot;,&quot;show_author&quot;:&quot;&quot;,&quot;show_date&quot;:&quot;true&quot;,&quot;show_button&quot;:&quot;true&quot;,&quot;button_text&quot;:&quot;Wi\\u0119cej&quot;,&quot;show_excerpt&quot;:&quot;true&quot;,&quot;num_words&quot;:25,&quot;img_size&quot;:&quot;&quot;,&quot;grid_masonry&quot;:&quot;&quot;,&quot;ct_animate&quot;:&quot;&quot;,&quot;template_type&quot;:&quot;post_grid_layout1&quot;,&quot;tax&quot;:[&quot;category&quot;]}\" data-query=\"{&quot;post_type&quot;:&quot;post&quot;,&quot;post_status&quot;:&quot;publish&quot;,&quot;posts_per_page&quot;:4,&quot;order&quot;:&quot;desc&quot;,&quot;orderby&quot;:&quot;date&quot;,&quot;tax_query&quot;:{&quot;relation&quot;:&quot;OR&quot;},&quot;post__not_in&quot;:[6810]}\">\r\n                    <nav class=\"ct-posts-pagination ajax\">\r\n            <div class=\"posts-page-links\">\r\n                <span aria-label=\"Page 1\" aria-current=\"page\" class=\"page-numbers current\">1<\/span>\n<a aria-label=\"Page 2\" class=\"page-numbers\" href=\"#2\">2<\/a>\n<a class=\"next page-numbers\" href=\"#2\">next<\/a>            <\/div>\r\n        <\/nav>\r\n            <\/div>\r\n        <\/div>\t\t\t\t<\/div>\n\t\t\t\t<\/div>\n\t\t            <\/div>\n        <\/div>\n                    <\/div>\n        <\/section>\t\t<\/div>\n\t\t","protected":false},"excerpt":{"rendered":"<p>Wsp\u00f3\u0142pracuj\u0119 z serwisem informacyjnym Rzeczpospolita rp.pl, portalem internetowym www.ngo.pl portalem extinctionrebellion.pl https:\/\/klimatdlarolnictwa.pl\/publikacje-i-poradniki gdzie publikuj\u0119 artyku\u0142y i poradniki oparte na wiedzy i do\u015bwiadczeniu kt\u00f3re zdoby\u0142am wsp\u00f3\u0142pracuj\u0105c z moimi klientami Maria Grochowska Najnowsze publikacje Opinie prawne Publicystyka 22 pa\u017adziernika, 2022 Czy NGO-sy zap\u0142ac\u0105 mniej za ciep\u0142o? Ustawa o szczeg\u00f3lnych rozwi\u0105zaniach w zakresie niekt\u00f3rych \u017ar\u00f3de\u0142 ciep\u0142a w zwi\u0105zku [&hellip;]<\/p>\n","protected":false},"author":1,"featured_media":0,"parent":0,"menu_order":0,"comment_status":"closed","ping_status":"closed","template":"","meta":{"footnotes":""},"class_list":["post-6810","page","type-page","status-publish","hentry"],"_links":{"self":[{"href":"https:\/\/www.mg-legal.eu\/index.php?rest_route=\/wp\/v2\/pages\/6810","targetHints":{"allow":["GET"]}}],"collection":[{"href":"https:\/\/www.mg-legal.eu\/index.php?rest_route=\/wp\/v2\/pages"}],"about":[{"href":"https:\/\/www.mg-legal.eu\/index.php?rest_route=\/wp\/v2\/types\/page"}],"author":[{"embeddable":true,"href":"https:\/\/www.mg-legal.eu\/index.php?rest_route=\/wp\/v2\/users\/1"}],"replies":[{"embeddable":true,"href":"https:\/\/www.mg-legal.eu\/index.php?rest_route=%2Fwp%2Fv2%2Fcomments&post=6810"}],"version-history":[{"count":0,"href":"https:\/\/www.mg-legal.eu\/index.php?rest_route=\/wp\/v2\/pages\/6810\/revisions"}],"wp:attachment":[{"href":"https:\/\/www.mg-legal.eu\/index.php?rest_route=%2Fwp%2Fv2%2Fmedia&parent=6810"}],"curies":[{"name":"wp","href":"https:\/\/api.w.org\/{rel}","templated":true}]}}